{"id":2,"date":"2022-11-06T18:10:36","date_gmt":"2022-11-06T18:10:36","guid":{"rendered":"http:\/\/www.wczesna-komunia.com.pl\/?page_id=2"},"modified":"2026-03-11T15:40:28","modified_gmt":"2026-03-11T15:40:28","slug":"sample-page","status":"publish","type":"page","link":"https:\/\/www.wczesna-komunia.com.pl\/","title":{"rendered":"Wprowadzenie"},"content":{"rendered":"<div class=\"wp-block-image\">\n<figure class=\"alignleft size-full\"><img loading=\"lazy\" decoding=\"async\" width=\"325\" height=\"235\" src=\"http:\/\/www.wczesna-komunia.com.pl\/wp-content\/uploads\/2022\/11\/wczesna_komunia.jpg\" alt=\"\" class=\"wp-image-20\" srcset=\"https:\/\/www.wczesna-komunia.com.pl\/wp-content\/uploads\/2022\/11\/wczesna_komunia.jpg 325w, https:\/\/www.wczesna-komunia.com.pl\/wp-content\/uploads\/2022\/11\/wczesna_komunia-300x217.jpg 300w\" sizes=\"auto, (max-width: 325px) 100vw, 325px\" \/><\/figure><\/div>\n\n\n<p>Celem powstania niniejszej strony internetowej jest podzielenie si\u0119 wiedz\u0105, do\u015bwiadczeniem i entuzjazmem zwi\u0105zanymi z praktyk\u0105 duszpastersk\u0105 wczesnej I Komunii \u015bwi\u0119tej &#8211; niech stanie si\u0119 ono zach\u0119t\u0105 dla duszpasterzy i rodzic\u00f3w, by spr\u00f3bowali w swoich parafiach i rodzinach pe\u0142niej zrealizowa\u0107 s\u0142owa Pana Jezusa: &#8222;Pozw\u00f3lcie dzieciom przychodzi\u0107 do Mnie, nie przeszkadzajcie im; do takich bowiem nale\u017cy Kr\u00f3lestwo Bo\u017ce&#8221;. \/Mk 10, 14\/. Zach\u0119camy te\u017c do zapoznania si\u0119 z&nbsp;programem przygotowania dziecka do wczesnej Pierwszej Komunii \u015awi\u0119tej.<\/p>\n\n\n\n<p>X. Marcin W\u0119c\u0142awski<br>parafia Maryi Kr\u00f3lowej, Rynek Wildecki, Pozna\u0144<\/p>\n\n\n\n<p>Nauki dla rodzic\u00f3w 2023\/24 AD:<\/p>\n\n\n<iframe loading=\"lazy\" src=\"https:\/\/widget.spreaker.com\/player?show_id=4893779&amp;theme=light&amp;playlist=false&amp;playlist-continuous=false&amp;chapters-image=true&amp;episode_image_position=right&amp;hide-likes=false&amp;hide-comments=false&amp;hide-sharing=false&amp;hide-logo=false&amp;hide-download=true\" width=\"100%\" height=\"200px\" frameborder=\"0\"><\/iframe>\n","protected":false},"excerpt":{"rendered":"<p>Celem powstania niniejszej strony internetowej jest podzielenie si\u0119 wiedz\u0105, do\u015bwiadczeniem i entuzjazmem zwi\u0105zanymi z praktyk\u0105 duszpastersk\u0105 wczesnej I Komunii \u015bwi\u0119tej &#8211; niech stanie si\u0119 ono zach\u0119t\u0105 dla duszpasterzy i rodzic\u00f3w, by spr\u00f3bowali w swoich parafiach i rodzinach pe\u0142niej zrealizowa\u0107 s\u0142owa Pana Jezusa: &#8222;Pozw\u00f3lcie dzieciom przychodzi\u0107 do Mnie, nie przeszkadzajcie im; do takich bowiem nale\u017cy Kr\u00f3lestwo [&hellip;]<\/p>\n","protected":false},"author":1,"featured_media":0,"parent":0,"menu_order":0,"comment_status":"closed","ping_status":"open","template":"","meta":{"footnotes":""},"class_list":["post-2","page","type-page","status-publish","hentry"],"_links":{"self":[{"href":"https:\/\/www.wczesna-komunia.com.pl\/index.php\/wp-json\/wp\/v2\/pages\/2","targetHints":{"allow":["GET"]}}],"collection":[{"href":"https:\/\/www.wczesna-komunia.com.pl\/index.php\/wp-json\/wp\/v2\/pages"}],"about":[{"href":"https:\/\/www.wczesna-komunia.com.pl\/index.php\/wp-json\/wp\/v2\/types\/page"}],"author":[{"embeddable":true,"href":"https:\/\/www.wczesna-komunia.com.pl\/index.php\/wp-json\/wp\/v2\/users\/1"}],"replies":[{"embeddable":true,"href":"https:\/\/www.wczesna-komunia.com.pl\/index.php\/wp-json\/wp\/v2\/comments?post=2"}],"version-history":[{"count":5,"href":"https:\/\/www.wczesna-komunia.com.pl\/index.php\/wp-json\/wp\/v2\/pages\/2\/revisions"}],"predecessor-version":[{"id":226,"href":"https:\/\/www.wczesna-komunia.com.pl\/index.php\/wp-json\/wp\/v2\/pages\/2\/revisions\/226"}],"wp:attachment":[{"href":"https:\/\/www.wczesna-komunia.com.pl\/index.php\/wp-json\/wp\/v2\/media?parent=2"}],"curies":[{"name":"wp","href":"https:\/\/api.w.org\/{rel}","templated":true}]}}